{"id":2201,"date":"2025-03-05T11:35:53","date_gmt":"2025-03-05T10:35:53","guid":{"rendered":"https:\/\/boldlog.com\/?page_id=2201"},"modified":"2026-01-08T15:15:26","modified_gmt":"2026-01-08T14:15:26","slug":"accessibility","status":"publish","type":"page","link":"https:\/\/boldlog.com\/en\/accessibility\/","title":{"rendered":"Accessibility"},"content":{"rendered":"<div data-elementor-type=\"wp-page\" data-elementor-id=\"2201\" class=\"elementor elementor-2201\" data-elementor-post-type=\"page\">\n\t\t\t\t<div class=\"elementor-element elementor-element-431175b e-con-full e-flex elementor-invisible e-con e-child\" data-id=\"431175b\" data-element_type=\"container\" data-settings=\"{&quot;background_background&quot;:&quot;classic&quot;,&quot;shape_divider_top&quot;:&quot;mountains&quot;,&quot;animation&quot;:&quot;fadeIn&quot;}\">\n\t\t\t\t<div class=\"elementor-shape elementor-shape-top\" aria-hidden=\"true\" data-negative=\"false\">\n\t\t\t<svg xmlns=\"http:\/\/www.w3.org\/2000\/svg\" viewbox=\"0 0 1000 100\" preserveaspectratio=\"none\">\n\t<path class=\"elementor-shape-fill\" opacity=\"0.33\" d=\"M473,67.3c-203.9,88.3-263.1-34-320.3,0C66,119.1,0,59.7,0,59.7V0h1000v59.7 c0,0-62.1,26.1-94.9,29.3c-32.8,3.3-62.8-12.3-75.8-22.1C806,49.6,745.3,8.7,694.9,4.7S492.4,59,473,67.3z\"\/>\n\t<path class=\"elementor-shape-fill\" opacity=\"0.66\" d=\"M734,67.3c-45.5,0-77.2-23.2-129.1-39.1c-28.6-8.7-150.3-10.1-254,39.1 s-91.7-34.4-149.2,0C115.7,118.3,0,39.8,0,39.8V0h1000v36.5c0,0-28.2-18.5-92.1-18.5C810.2,18.1,775.7,67.3,734,67.3z\"\/>\n\t<path class=\"elementor-shape-fill\" d=\"M766.1,28.9c-200-57.5-266,65.5-395.1,19.5C242,1.8,242,5.4,184.8,20.6C128,35.8,132.3,44.9,89.9,52.5C28.6,63.7,0,0,0,0 h1000c0,0-9.9,40.9-83.6,48.1S829.6,47,766.1,28.9z\"\/>\n<\/svg>\t\t<\/div>\n\t\t<div class=\"elementor-element elementor-element-87ebf34 e-con-full e-flex e-con e-child\" data-id=\"87ebf34\" data-element_type=\"container\" data-settings=\"{&quot;background_background&quot;:&quot;classic&quot;}\">\n\t\t\t\t<div class=\"elementor-element elementor-element-5c9eb69 elementor-invisible elementor-widget elementor-widget-heading\" data-id=\"5c9eb69\" data-element_type=\"widget\" data-settings=\"{&quot;_animation&quot;:&quot;fadeInLeft&quot;,&quot;_animation_delay&quot;:300}\" data-widget_type=\"heading.default\">\n\t\t\t\t<div class=\"elementor-widget-container\">\n\t\t\t\t\t<h1 class=\"elementor-heading-title elementor-size-default\">Accessibility<\/h1>\t\t\t\t<\/div>\n\t\t\t\t<\/div>\n\t\t\t\t<div class=\"elementor-element elementor-element-756e1c8 elementor-widget-divider--view-line elementor-invisible elementor-widget elementor-widget-divider\" data-id=\"756e1c8\" data-element_type=\"widget\" data-settings=\"{&quot;_animation&quot;:&quot;fadeInDown&quot;,&quot;_animation_delay&quot;:900}\" data-widget_type=\"divider.default\">\n\t\t\t\t<div class=\"elementor-widget-container\">\n\t\t\t\t\t\t\t<div class=\"elementor-divider\">\n\t\t\t<span class=\"elementor-divider-separator\">\n\t\t\t\t\t\t<\/span>\n\t\t<\/div>\n\t\t\t\t\t\t<\/div>\n\t\t\t\t<\/div>\n\t\t\t\t<div class=\"elementor-element elementor-element-dec0536 elementor-widget__width-initial elementor-invisible elementor-widget elementor-widget-breadcrumbs\" data-id=\"dec0536\" data-element_type=\"widget\" data-settings=\"{&quot;_animation&quot;:&quot;fadeInUp&quot;,&quot;_animation_delay&quot;:900}\" data-widget_type=\"breadcrumbs.default\">\n\t\t\t\t<div class=\"elementor-widget-container\">\n\t\t\t\t\t<p id=\"breadcrumbs\"><span><span><a href=\"https:\/\/boldlog.com\/en\/\">Start<\/a><\/span><\/span><\/p>\t\t\t\t<\/div>\n\t\t\t\t<\/div>\n\t\t\t\t<div class=\"elementor-element elementor-element-2936961 elementor-absolute elementor-invisible elementor-widget elementor-widget-image\" data-id=\"2936961\" data-element_type=\"widget\" data-settings=\"{&quot;_position&quot;:&quot;absolute&quot;,&quot;_animation&quot;:&quot;fadeInUp&quot;,&quot;_animation_delay&quot;:800}\" data-widget_type=\"image.default\">\n\t\t\t\t<div class=\"elementor-widget-container\">\n\t\t\t\t\t\t\t\t\t\t\t\t\t\t\t<img fetchpriority=\"high\" decoding=\"async\" width=\"800\" height=\"800\" src=\"https:\/\/boldlog.com\/wp-content\/uploads\/2024\/12\/lineorg.svg\" class=\"attachment-large size-large wp-image-485\" alt=\"\" \/>\t\t\t\t\t\t\t\t\t\t\t\t\t\t\t<\/div>\n\t\t\t\t<\/div>\n\t\t\t\t<\/div>\n\t\t\t\t<\/div>\n\t\t<div class=\"elementor-element elementor-element-6de4b43 e-flex e-con-boxed e-con e-parent\" data-id=\"6de4b43\" data-element_type=\"container\">\n\t\t\t\t\t<div class=\"e-con-inner\">\n\t\t\t\t<div class=\"elementor-element elementor-element-e7be9b8 elementor-widget-divider--view-line elementor-invisible elementor-widget elementor-widget-divider\" data-id=\"e7be9b8\" data-element_type=\"widget\" data-settings=\"{&quot;_animation&quot;:&quot;fadeInDown&quot;,&quot;_animation_delay&quot;:900}\" data-widget_type=\"divider.default\">\n\t\t\t\t<div class=\"elementor-widget-container\">\n\t\t\t\t\t\t\t<div class=\"elementor-divider\">\n\t\t\t<span class=\"elementor-divider-separator\">\n\t\t\t\t\t\t<\/span>\n\t\t<\/div>\n\t\t\t\t\t\t<\/div>\n\t\t\t\t<\/div>\n\t\t\t\t<div class=\"elementor-element elementor-element-801d977 elementor-widget__width-inherit elementor-invisible elementor-widget elementor-widget-text-editor\" data-id=\"801d977\" data-element_type=\"widget\" data-settings=\"{&quot;_animation&quot;:&quot;fadeInUp&quot;,&quot;_animation_delay&quot;:900}\" data-widget_type=\"text-editor.default\">\n\t\t\t\t<div class=\"elementor-widget-container\">\n\t\t\t\t\t\t\t\t\t<div>\n<div><strong>BOLD LOGISTICS SL<\/strong>, has committed to making its website accessible in accordance with the\u00a0 <a title=\"Royal Decree 1112\/2018, of September 7, on the accessibility of public sector websites and mobile applications. (Opens in a new window)\" role=\"link\" href=\"http:\/\/www.boe.es\/diario_boe\/txt.php?id=BOE-A-2018-12699\" rel=\"noopener\">Royal Decree 1112\/2018, of September 7, on the accessibility of websites and mobile applications in the public sector.<\/a><\/div>\n<\/div>\n<div>\n<div><article>This accessibility statement applies to the website https:\/\/boldlog.com<\/article><article>\n<h3>Compliance status<\/h3>\nThis website is\u00a0<strong>partially compliant\u00a0<\/strong>with RD 1112\/2018 due to the exceptions and the lack of compliance with the aspects indicated below.\n\n<\/article><article>\n<h3>Content not accessible<\/h3>\nThe content below is not accessible for the following reasons:\n<ol>\n \t<li>Lack of compliance with RD 1112\/2018\n<ul>\n \t<li>The portal may contain content in other languages that are not correctly labeled [requirement number 9.3.1.2 Language of the parts of UNE-EN 301549:2019].<\/li>\n \t<li>There may be occasional editing errors on some web pages.<\/li>\n \t<li>There are keyboard shortcuts that do not work [requirement number 9.2.1.4 Keyboard shortcuts, of UNE-EN 301549:2020].<\/li>\n<\/ul>\n<\/li>\n \t<li>Disproportionate burden\n<ul>\n \t<li>Not applicable.<\/li>\n<\/ul>\n<\/li>\n \t<li>The content does not fall within the scope of applicable legislation.\n<ul>\n \t<li>There may be multimedia files that do not fully meet all accessibility requirements. However, efforts have been made to ensure that most of them do. The content does not fall within the scope of applicable legislation.<\/li>\n<\/ul>\n<\/li>\n<\/ol>\n<\/article><article>\n<h3>Preparation of this accessibility statement<\/h3>\nThis statement was prepared on 24 January 2025. The method used to prepare the statement was a self-assessment carried out by the organization itself. Last review of the statement: 5 March 2024.\n\n<\/article><article>\n<h3>Comments and contact information<\/h3>\n<div>\n\nYou can make communications about accessibility requirements (article 10.2.a) of RD 1112\/2018) such as:\n\n<\/div>\n<div>\n<ul>\n \t<li>Report any potential non-compliance by this website.<\/li>\n \t<li>Transmit other difficulties in accessing the content.<\/li>\n \t<li>Make any other queries or suggestions for improvements related to the accessibility of the website<\/li>\n<\/ul>\nThrough the following email <strong><a href=\"mailto:hey@boldlog.com\">hey@boldlog.com<\/a><\/strong>, as well as the rest of the options included in Law 39\/2015, of October 1, on the Common Administrative Procedure of Public Administrations\n\n<\/div>\nYou may present:\n<ul>\n \t<li>A Complaint regarding compliance with the requirements of RD 1112\/2018 or<\/li>\n \t<li>An accessible Information Request relating to:\n<ul>\n \t<li>Contents that are excluded from the scope of RD 1112\/2018 as established by article 3, section 4<\/li>\n \t<li>content that is exempt from compliance with accessibility requirements because it imposes a disproportionate burden.<\/li>\n<\/ul>\n<\/li>\n<\/ul>\nIn the Request for Accessible Information, the facts, reasons, and request must be clearly stated to demonstrate that it is a reasonable and legitimate request.\n\n<\/article><article>\n<h3>Application procedure<\/h3>\nIf, after submitting a request for accessible information or a complaint, it has been rejected, the interested party disagrees with the decision, or the response does not meet the requirements set forth in Article 12.5, the interested party may file a complaint. A complaint may also be filed if the twenty-business-day period has elapsed without receiving a response.\n\n<\/article><article>\n<h3>Optional content<\/h3>\nThis website applies the requirements of the Standard\u00a0<a title=\"UNE-EN 301549:2019 (Opens in a new window)\" role=\"link\" href=\"https:\/\/administracionelectronica.gob.es\/PAe\/accesibilidad\/une-en-301549-2019.pdf\" target=\"_blank\" rel=\"noopener\">UNE-EN 301549:2019<\/a>\u00a0\u00a0Considering the exceptions of Royal Decree 1112\/2018, the last accessibility review was carried out in March 2025. The website is optimized for Firefox, Safari, Opera, and Google Chrome browsers. The minimum recommended screen resolution is 1280x1024. The website is designed for responsive viewing, ensuring optimal display on tablets and mobile devices. On these devices, it is optimized for viewing in the latest versions of Chrome for mobile, Firefox for mobile, Safari mobile, Opera Mini, and the native Android browser.\n\n<\/article><\/div>\n<\/div>\t\t\t\t\t\t\t\t<\/div>\n\t\t\t\t<\/div>\n\t\t\t\t\t<\/div>\n\t\t\t\t<\/div>\n\t\t\t\t<\/div>","protected":false},"excerpt":{"rendered":"<p>BOLD LOGISTICS S.L., se ha comprometido a hacer accesible su sitio web de conformidad con el\u00a0 Real Decreto 1112\/2018, de 7 de septiembre, sobre accesibilidad de los sitios web y aplicaciones para dispositivos m\u00f3viles del sector p\u00fablico. La presente declaraci\u00f3n de accesibilidad se aplica al sitio web https:\/\/boldlog.com Situaci\u00f3n de cumplimiento Este sitio web es\u00a0parcialmente [&hellip;]<\/p>","protected":false},"author":1,"featured_media":0,"parent":0,"menu_order":0,"comment_status":"closed","ping_status":"closed","template":"","meta":{"inline_featured_image":false,"footnotes":""},"class_list":["post-2201","page","type-page","status-publish","hentry"],"yoast_head":"<!-- This site is optimized with the Yoast SEO plugin v26.3 - https:\/\/yoast.com\/wordpress\/plugins\/seo\/ -->\n<title>Accesibilidad - Bold Logistics<\/title>\n<meta name=\"robots\" content=\"index, follow, max-snippet:-1, max-image-preview:large, max-video-preview:-1\" \/>\n<link rel=\"canonical\" href=\"https:\/\/boldlog.com\/en\/accessibility\/\" \/>\n<meta property=\"og:locale\" content=\"en_US\" \/>\n<meta property=\"og:type\" content=\"article\" \/>\n<meta property=\"og:title\" content=\"Accesibilidad - Bold Logistics\" \/>\n<meta property=\"og:description\" content=\"BOLD LOGISTICS S.L., se ha comprometido a hacer accesible su sitio web de conformidad con el\u00a0 Real Decreto 1112\/2018, de 7 de septiembre, sobre accesibilidad de los sitios web y aplicaciones para dispositivos m\u00f3viles del sector p\u00fablico. La presente declaraci\u00f3n de accesibilidad se aplica al sitio web https:\/\/boldlog.com Situaci\u00f3n de cumplimiento Este sitio web es\u00a0parcialmente [&hellip;]\" \/>\n<meta property=\"og:url\" content=\"https:\/\/boldlog.com\/en\/accessibility\/\" \/>\n<meta property=\"og:site_name\" content=\"Bold Logistics\" \/>\n<meta property=\"article:modified_time\" content=\"2026-01-08T14:15:26+00:00\" \/>\n<meta name=\"twitter:card\" content=\"summary_large_image\" \/>\n<meta name=\"twitter:label1\" content=\"Est. reading time\" \/>\n\t<meta name=\"twitter:data1\" content=\"3 minutes\" \/>\n<script type=\"application\/ld+json\" class=\"yoast-schema-graph\">{\"@context\":\"https:\/\/schema.org\",\"@graph\":[{\"@type\":\"WebPage\",\"@id\":\"https:\/\/boldlog.com\/accesibilidad\/\",\"url\":\"https:\/\/boldlog.com\/accesibilidad\/\",\"name\":\"Accesibilidad - Bold Logistics\",\"isPartOf\":{\"@id\":\"https:\/\/boldlog.com\/#website\"},\"primaryImageOfPage\":{\"@id\":\"https:\/\/boldlog.com\/accesibilidad\/#primaryimage\"},\"image\":{\"@id\":\"https:\/\/boldlog.com\/accesibilidad\/#primaryimage\"},\"thumbnailUrl\":\"https:\/\/boldlog.com\/wp-content\/uploads\/2024\/12\/lineorg.svg\",\"datePublished\":\"2025-03-05T10:35:53+00:00\",\"dateModified\":\"2026-01-08T14:15:26+00:00\",\"breadcrumb\":{\"@id\":\"https:\/\/boldlog.com\/accesibilidad\/#breadcrumb\"},\"inLanguage\":\"en-US\",\"potentialAction\":[{\"@type\":\"ReadAction\",\"target\":[\"https:\/\/boldlog.com\/accesibilidad\/\"]}]},{\"@type\":\"ImageObject\",\"inLanguage\":\"en-US\",\"@id\":\"https:\/\/boldlog.com\/accesibilidad\/#primaryimage\",\"url\":\"https:\/\/boldlog.com\/wp-content\/uploads\/2024\/12\/lineorg.svg\",\"contentUrl\":\"https:\/\/boldlog.com\/wp-content\/uploads\/2024\/12\/lineorg.svg\"},{\"@type\":\"BreadcrumbList\",\"@id\":\"https:\/\/boldlog.com\/accesibilidad\/#breadcrumb\",\"itemListElement\":[{\"@type\":\"ListItem\",\"position\":1,\"name\":\"Inicio\",\"item\":\"https:\/\/boldlog.com\/\"},{\"@type\":\"ListItem\",\"position\":2,\"name\":\"Accesibilidad\"}]},{\"@type\":\"WebSite\",\"@id\":\"https:\/\/boldlog.com\/#website\",\"url\":\"https:\/\/boldlog.com\/\",\"name\":\"Bold Logistics\",\"description\":\"Log\u00edstica audaz\",\"publisher\":{\"@id\":\"https:\/\/boldlog.com\/#organization\"},\"potentialAction\":[{\"@type\":\"SearchAction\",\"target\":{\"@type\":\"EntryPoint\",\"urlTemplate\":\"https:\/\/boldlog.com\/?s={search_term_string}\"},\"query-input\":{\"@type\":\"PropertyValueSpecification\",\"valueRequired\":true,\"valueName\":\"search_term_string\"}}],\"inLanguage\":\"en-US\"},{\"@type\":\"Organization\",\"@id\":\"https:\/\/boldlog.com\/#organization\",\"name\":\"Bold Logistics\",\"url\":\"https:\/\/boldlog.com\/\",\"logo\":{\"@type\":\"ImageObject\",\"inLanguage\":\"en-US\",\"@id\":\"https:\/\/boldlog.com\/#\/schema\/logo\/image\/\",\"url\":\"https:\/\/boldlog.com\/wp-content\/uploads\/2024\/11\/logo.svg\",\"contentUrl\":\"https:\/\/boldlog.com\/wp-content\/uploads\/2024\/11\/logo.svg\",\"width\":212,\"height\":75,\"caption\":\"Bold Logistics\"},\"image\":{\"@id\":\"https:\/\/boldlog.com\/#\/schema\/logo\/image\/\"}}]}<\/script>\n<!-- \/ Yoast SEO plugin. -->","yoast_head_json":{"title":"Accessibility - Bold Logistics","robots":{"index":"index","follow":"follow","max-snippet":"max-snippet:-1","max-image-preview":"max-image-preview:large","max-video-preview":"max-video-preview:-1"},"canonical":"https:\/\/boldlog.com\/en\/accessibility\/","og_locale":"en_US","og_type":"article","og_title":"Accesibilidad - Bold Logistics","og_description":"BOLD LOGISTICS S.L., se ha comprometido a hacer accesible su sitio web de conformidad con el\u00a0 Real Decreto 1112\/2018, de 7 de septiembre, sobre accesibilidad de los sitios web y aplicaciones para dispositivos m\u00f3viles del sector p\u00fablico. La presente declaraci\u00f3n de accesibilidad se aplica al sitio web https:\/\/boldlog.com Situaci\u00f3n de cumplimiento Este sitio web es\u00a0parcialmente [&hellip;]","og_url":"https:\/\/boldlog.com\/en\/accessibility\/","og_site_name":"Bold Logistics","article_modified_time":"2026-01-08T14:15:26+00:00","twitter_card":"summary_large_image","twitter_misc":{"Est. reading time":"3 minutes"},"schema":{"@context":"https:\/\/schema.org","@graph":[{"@type":"WebPage","@id":"https:\/\/boldlog.com\/accesibilidad\/","url":"https:\/\/boldlog.com\/accesibilidad\/","name":"Accessibility - Bold Logistics","isPartOf":{"@id":"https:\/\/boldlog.com\/#website"},"primaryImageOfPage":{"@id":"https:\/\/boldlog.com\/accesibilidad\/#primaryimage"},"image":{"@id":"https:\/\/boldlog.com\/accesibilidad\/#primaryimage"},"thumbnailUrl":"https:\/\/boldlog.com\/wp-content\/uploads\/2024\/12\/lineorg.svg","datePublished":"2025-03-05T10:35:53+00:00","dateModified":"2026-01-08T14:15:26+00:00","breadcrumb":{"@id":"https:\/\/boldlog.com\/accesibilidad\/#breadcrumb"},"inLanguage":"en-US","potentialAction":[{"@type":"ReadAction","target":["https:\/\/boldlog.com\/accesibilidad\/"]}]},{"@type":"ImageObject","inLanguage":"en-US","@id":"https:\/\/boldlog.com\/accesibilidad\/#primaryimage","url":"https:\/\/boldlog.com\/wp-content\/uploads\/2024\/12\/lineorg.svg","contentUrl":"https:\/\/boldlog.com\/wp-content\/uploads\/2024\/12\/lineorg.svg"},{"@type":"BreadcrumbList","@id":"https:\/\/boldlog.com\/accesibilidad\/#breadcrumb","itemListElement":[{"@type":"ListItem","position":1,"name":"Inicio","item":"https:\/\/boldlog.com\/"},{"@type":"ListItem","position":2,"name":"Accesibilidad"}]},{"@type":"WebSite","@id":"https:\/\/boldlog.com\/#website","url":"https:\/\/boldlog.com\/","name":"Bold Logistics","description":"Bold logistics","publisher":{"@id":"https:\/\/boldlog.com\/#organization"},"potentialAction":[{"@type":"SearchAction","target":{"@type":"EntryPoint","urlTemplate":"https:\/\/boldlog.com\/?s={search_term_string}"},"query-input":{"@type":"PropertyValueSpecification","valueRequired":true,"valueName":"search_term_string"}}],"inLanguage":"en-US"},{"@type":"Organization","@id":"https:\/\/boldlog.com\/#organization","name":"Bold Logistics","url":"https:\/\/boldlog.com\/","logo":{"@type":"ImageObject","inLanguage":"en-US","@id":"https:\/\/boldlog.com\/#\/schema\/logo\/image\/","url":"https:\/\/boldlog.com\/wp-content\/uploads\/2024\/11\/logo.svg","contentUrl":"https:\/\/boldlog.com\/wp-content\/uploads\/2024\/11\/logo.svg","width":212,"height":75,"caption":"Bold Logistics"},"image":{"@id":"https:\/\/boldlog.com\/#\/schema\/logo\/image\/"}}]}},"_links":{"self":[{"href":"https:\/\/boldlog.com\/en\/wp-json\/wp\/v2\/pages\/2201","targetHints":{"allow":["GET"]}}],"collection":[{"href":"https:\/\/boldlog.com\/en\/wp-json\/wp\/v2\/pages"}],"about":[{"href":"https:\/\/boldlog.com\/en\/wp-json\/wp\/v2\/types\/page"}],"author":[{"embeddable":true,"href":"https:\/\/boldlog.com\/en\/wp-json\/wp\/v2\/users\/1"}],"replies":[{"embeddable":true,"href":"https:\/\/boldlog.com\/en\/wp-json\/wp\/v2\/comments?post=2201"}],"version-history":[{"count":28,"href":"https:\/\/boldlog.com\/en\/wp-json\/wp\/v2\/pages\/2201\/revisions"}],"predecessor-version":[{"id":2622,"href":"https:\/\/boldlog.com\/en\/wp-json\/wp\/v2\/pages\/2201\/revisions\/2622"}],"wp:attachment":[{"href":"https:\/\/boldlog.com\/en\/wp-json\/wp\/v2\/media?parent=2201"}],"curies":[{"name":"wp","href":"https:\/\/api.w.org\/{rel}","templated":true}]}}