{"id":2237,"date":"2025-03-05T12:40:06","date_gmt":"2025-03-05T11:40:06","guid":{"rendered":"https:\/\/boldlog.com\/?page_id=2237"},"modified":"2025-03-05T12:46:38","modified_gmt":"2025-03-05T11:46:38","slug":"cookie-policy","status":"publish","type":"page","link":"https:\/\/boldlog.com\/en\/cookie-policy\/","title":{"rendered":"Cookie Policy"},"content":{"rendered":"<div data-elementor-type=\"wp-page\" data-elementor-id=\"2237\" class=\"elementor elementor-2237\" data-elementor-post-type=\"page\">\n\t\t\t\t<div class=\"elementor-element elementor-element-431175b e-con-full e-flex elementor-invisible e-con e-child\" data-id=\"431175b\" data-element_type=\"container\" data-settings=\"{&quot;background_background&quot;:&quot;classic&quot;,&quot;shape_divider_top&quot;:&quot;mountains&quot;,&quot;animation&quot;:&quot;fadeIn&quot;}\">\n\t\t\t\t<div class=\"elementor-shape elementor-shape-top\" aria-hidden=\"true\" data-negative=\"false\">\n\t\t\t<svg xmlns=\"http:\/\/www.w3.org\/2000\/svg\" viewbox=\"0 0 1000 100\" preserveaspectratio=\"none\">\n\t<path class=\"elementor-shape-fill\" opacity=\"0.33\" d=\"M473,67.3c-203.9,88.3-263.1-34-320.3,0C66,119.1,0,59.7,0,59.7V0h1000v59.7 c0,0-62.1,26.1-94.9,29.3c-32.8,3.3-62.8-12.3-75.8-22.1C806,49.6,745.3,8.7,694.9,4.7S492.4,59,473,67.3z\"\/>\n\t<path class=\"elementor-shape-fill\" opacity=\"0.66\" d=\"M734,67.3c-45.5,0-77.2-23.2-129.1-39.1c-28.6-8.7-150.3-10.1-254,39.1 s-91.7-34.4-149.2,0C115.7,118.3,0,39.8,0,39.8V0h1000v36.5c0,0-28.2-18.5-92.1-18.5C810.2,18.1,775.7,67.3,734,67.3z\"\/>\n\t<path class=\"elementor-shape-fill\" d=\"M766.1,28.9c-200-57.5-266,65.5-395.1,19.5C242,1.8,242,5.4,184.8,20.6C128,35.8,132.3,44.9,89.9,52.5C28.6,63.7,0,0,0,0 h1000c0,0-9.9,40.9-83.6,48.1S829.6,47,766.1,28.9z\"\/>\n<\/svg>\t\t<\/div>\n\t\t<div class=\"elementor-element elementor-element-87ebf34 e-con-full e-flex e-con e-child\" data-id=\"87ebf34\" data-element_type=\"container\" data-settings=\"{&quot;background_background&quot;:&quot;classic&quot;}\">\n\t\t\t\t<div class=\"elementor-element elementor-element-5c9eb69 elementor-invisible elementor-widget elementor-widget-heading\" data-id=\"5c9eb69\" data-element_type=\"widget\" data-settings=\"{&quot;_animation&quot;:&quot;fadeInLeft&quot;,&quot;_animation_delay&quot;:300}\" data-widget_type=\"heading.default\">\n\t\t\t\t<div class=\"elementor-widget-container\">\n\t\t\t\t\t<h1 class=\"elementor-heading-title elementor-size-default\">Cookie Policy<\/h1>\t\t\t\t<\/div>\n\t\t\t\t<\/div>\n\t\t\t\t<div class=\"elementor-element elementor-element-756e1c8 elementor-widget-divider--view-line elementor-invisible elementor-widget elementor-widget-divider\" data-id=\"756e1c8\" data-element_type=\"widget\" data-settings=\"{&quot;_animation&quot;:&quot;fadeInDown&quot;,&quot;_animation_delay&quot;:900}\" data-widget_type=\"divider.default\">\n\t\t\t\t<div class=\"elementor-widget-container\">\n\t\t\t\t\t\t\t<div class=\"elementor-divider\">\n\t\t\t<span class=\"elementor-divider-separator\">\n\t\t\t\t\t\t<\/span>\n\t\t<\/div>\n\t\t\t\t\t\t<\/div>\n\t\t\t\t<\/div>\n\t\t\t\t<div class=\"elementor-element elementor-element-dec0536 elementor-widget__width-initial elementor-invisible elementor-widget elementor-widget-breadcrumbs\" data-id=\"dec0536\" data-element_type=\"widget\" data-settings=\"{&quot;_animation&quot;:&quot;fadeInUp&quot;,&quot;_animation_delay&quot;:900}\" data-widget_type=\"breadcrumbs.default\">\n\t\t\t\t<div class=\"elementor-widget-container\">\n\t\t\t\t\t<p id=\"breadcrumbs\"><span><span><a href=\"https:\/\/boldlog.com\/en\/\">Start<\/a><\/span><\/span><\/p>\t\t\t\t<\/div>\n\t\t\t\t<\/div>\n\t\t\t\t<div class=\"elementor-element elementor-element-2936961 elementor-absolute elementor-invisible elementor-widget elementor-widget-image\" data-id=\"2936961\" data-element_type=\"widget\" data-settings=\"{&quot;_position&quot;:&quot;absolute&quot;,&quot;_animation&quot;:&quot;fadeInUp&quot;,&quot;_animation_delay&quot;:800}\" data-widget_type=\"image.default\">\n\t\t\t\t<div class=\"elementor-widget-container\">\n\t\t\t\t\t\t\t\t\t\t\t\t\t\t\t<img fetchpriority=\"high\" decoding=\"async\" width=\"800\" height=\"800\" src=\"https:\/\/boldlog.com\/wp-content\/uploads\/2024\/12\/lineorg.svg\" class=\"attachment-large size-large wp-image-485\" alt=\"\" \/>\t\t\t\t\t\t\t\t\t\t\t\t\t\t\t<\/div>\n\t\t\t\t<\/div>\n\t\t\t\t<\/div>\n\t\t\t\t<\/div>\n\t\t<div class=\"elementor-element elementor-element-6de4b43 e-flex e-con-boxed e-con e-parent\" data-id=\"6de4b43\" data-element_type=\"container\">\n\t\t\t\t\t<div class=\"e-con-inner\">\n\t\t\t\t<div class=\"elementor-element elementor-element-e7be9b8 elementor-widget-divider--view-line elementor-invisible elementor-widget elementor-widget-divider\" data-id=\"e7be9b8\" data-element_type=\"widget\" data-settings=\"{&quot;_animation&quot;:&quot;fadeInDown&quot;,&quot;_animation_delay&quot;:900}\" data-widget_type=\"divider.default\">\n\t\t\t\t<div class=\"elementor-widget-container\">\n\t\t\t\t\t\t\t<div class=\"elementor-divider\">\n\t\t\t<span class=\"elementor-divider-separator\">\n\t\t\t\t\t\t<\/span>\n\t\t<\/div>\n\t\t\t\t\t\t<\/div>\n\t\t\t\t<\/div>\n\t\t\t\t<div class=\"elementor-element elementor-element-1a6c44c elementor-widget__width-inherit elementor-invisible elementor-widget elementor-widget-text-editor\" data-id=\"1a6c44c\" data-element_type=\"widget\" data-settings=\"{&quot;_animation&quot;:&quot;fadeInUp&quot;,&quot;_animation_delay&quot;:900}\" data-widget_type=\"text-editor.default\">\n\t\t\t\t<div class=\"elementor-widget-container\">\n\t\t\t\t\t\t\t\t\t<p>This cookie policy is an integral part of the <strong>Legal Notice<\/strong> and of the <strong>Privacy Policy<\/strong> from the website <a href=\"https:\/\/boldlog.com\/en\"><strong>https:\/\/boldlog.com\/<\/strong><\/a> (hereinafter referred to as the <strong>&quot;Website&quot;<\/strong>). By clicking on <strong>Accept Cookies<\/strong>, expressly accepts the use of cookies.<\/p><p>If you disable cookies or refuse their use, your browsing experience on the <strong>Website<\/strong> may not be optimal and some of its features may not work correctly.<\/p><p>In order to facilitate navigation through the <strong>Website<\/strong>, the owner of this, <strong>BOLD LOGISTICS, SL<\/strong> (hereinafter, <strong>\u201cBOLD LOGISTICS\u201d<\/strong>), informs you that it uses <strong>cookies and other similar technologies<\/strong> (hereinafter, <strong>\u201cCookies\u201d<\/strong>).<\/p><h3><strong>1. What is a cookie?<\/strong><\/h3><p>The <strong>cookies<\/strong> are files containing small amounts of information that are downloaded to a user&#039;s device when they visit a website. Their main purpose is <strong>recognize the user each time they visit the website<\/strong> and allow, for example, <strong>customize the way content is displayed<\/strong>.<\/p><p>The <strong>cookies are essential<\/strong> for the operation of the Internet; <strong>they cannot cause any harm<\/strong> to the user&#039;s computer or device and, when activated in the browser settings, can help <strong>identify and resolve potential operating errors<\/strong> on the website.<\/p><p>This <strong>Website<\/strong> uses cookies and\/or similar technologies that collect and store information while you browse. These technologies may be used to:<\/p><ul><li><strong>Recognize you as a user.<\/strong><\/li><li><strong>Obtain information about your browsing habits.<\/strong><\/li><li><strong>Customize the way content is displayed.<\/strong><\/li><\/ul><p>The specific uses we make of these technologies are described below.<\/p><h3><strong>2. Use of cookies<\/strong><\/h3><p>By clicking the button <strong>\u201cACCEPT COOKIES\u201d<\/strong>, you expressly accept the use of this type of cookies on your devices from which you connect.<\/p><p>If you disable or reject the use of cookies, your browsing experience on the <strong>Website<\/strong> may not be optimal and some of its features may not work correctly.<\/p><p>Specifically, we use cookies for the purposes explained below. If other cookies are used in the future to improve our services, you will be informed in advance.<\/p><h3><strong>3. What type of cookies are used on the Website and for what purposes?<\/strong><\/h3><p><strong>3.1 Cookies according to the entity that manages them<\/strong><\/p><ul><li><strong>Own cookies:<\/strong> These are those that are sent to the user&#039;s computer from a device or domain managed by <strong>BOLD LOGISTICS<\/strong> and from which the requested service is provided.<\/li><li><strong>Third-party cookies:<\/strong> These are those sent to the user&#039;s terminal equipment from a device or domain. <strong>not managed by BOLD LOGISTICS<\/strong>, but by another entity that processes the data obtained through cookies.<\/li><\/ul><p>\u00a0<\/p><p><strong>3.2 Cookies according to their purpose<\/strong><\/p><p><strong>Strictly necessary cookies<\/strong><\/p><p>They are necessary for the <strong>Website<\/strong> works correctly and <strong>cannot be deactivated<\/strong> on our systems. These cookies allow:<\/p><ul><li><strong>Navigation<\/strong> through the website.<\/li><li><strong>The management and operation of the website.<\/strong><\/li><li><strong>Access to restricted areas.<\/strong><\/li><\/ul><p>\u00a0<\/p><p><strong>Analysis or measurement cookies<\/strong><\/p><p>They allow the monitoring and analysis of user behavior within the <strong>Website<\/strong>. They are used for:<\/p><ul><li><strong>Quantify the number of visitors.<\/strong><\/li><li><strong>Measure website activity.<\/strong><\/li><li><strong>Analyze navigation patterns to introduce improvements.<\/strong><\/li><\/ul><p>\u00a0<\/p><p><strong>Advertising cookies<\/strong><\/p><p>These cookies are used to:<\/p><ul><li><strong>Show relevant ads<\/strong> based on the user&#039;s activity on the Website.<\/li><li><strong>Limit the number of times a user sees an ad.<\/strong><\/li><li><strong>Measure the effectiveness of an advertising campaign.<\/strong><\/li><\/ul><h3><strong> 4. Cookies used on the Website<\/strong><\/h3><p><strong>THIRD-PARTY COOKIES<\/strong><\/p><p>Based on the above, below we provide a list of the cookies used on our website, identifying their purpose and ownership:<\/p><table><thead><tr><td><p><strong>Ownership<\/strong><\/p><\/td><td><p><strong>Cookie<\/strong><\/p><\/td><td><p><strong>Period of time it remains active<\/strong><\/p><\/td><td><p><strong>Purpose<\/strong><\/p><\/td><\/tr><\/thead><tbody><tr><td><p>Google Analytics<\/p><\/td><td><p>__utma<\/p><\/td><td><p>Expires 2 years after setup or update<\/p><\/td><td><p>It is used to differentiate users and sessions\/visits.<\/p><\/td><\/tr><tr><td><p>Google Analytics<\/p><\/td><td><p>__utmb<\/p><\/td><td><p>Expires 30 minutes after setup or update<\/p><\/td><td><p>It is used to identify new user sessions\/visits (session time calculation).<\/p><\/td><\/tr><tr><td><p>Google Analytics<\/p><\/td><td><p>__utmc<\/p><\/td><td><p>It is deleted when you change websites or close the browser.<\/p><\/td><td><p>Works with the _utmb cookie to determine whether a new session\/visit is established.<\/p><\/td><\/tr><tr><td><p>Google Analytics<\/p><\/td><td><p>__utmz<\/p><\/td><td><p>Expires 6 months after setup or update<\/p><\/td><td><p>Stores the traffic source or keywords that explain how the user reached the site (origin).<\/p><\/td><\/tr><tr><td><p>Google Analytics<\/p><\/td><td><p>__utmv<\/p><\/td><td><p>Expires 2 years after setup or update<\/p><\/td><td><p>It is used to store the user&#039;s custom level variable data.<\/p><\/td><\/tr><\/tbody><\/table><p><strong>BOLD LOGISTICS<\/strong> uses <strong>Google Analytics<\/strong>, a service provided by <strong>Google, Inc.<\/strong>, based in <strong>1600 Amphitheater Parkway, Mountain View, California, CA 94043, United States<\/strong>.<\/p><p><strong>Google Analytics<\/strong> uses cookies to analyze the use of the Website. The information collected (including the IP address) is transmitted and stored on the servers of <strong>Google<\/strong> located in <strong>USA<\/strong>This information is used to generate reports on website activity and to provide services related to website operation and internet usage.<\/p><p><strong>For more information about Google Analytics cookies and their privacy policies, please visit:<\/strong> <a href=\"https:\/\/policies.google.com\/technologies\/cookies?hl=es\">Google Analytics.<\/a><\/p><h3><strong> 5. Acceptance, rejection and deletion of cookies<\/strong><\/h3><p><strong>5.1 Acceptance of the use of cookies<\/strong><\/p><p>By clicking on <strong>&quot;ACCEPT COOKIES&quot;<\/strong>, you give your consent to the installation and use of cookies on your device.<\/p><p><strong>5.2 Revocation of consent<\/strong><\/p><p>If you click on <strong>&quot;REJECT COOKIES&quot;<\/strong>, you may reject the use of cookies, except those <strong>strictly necessary<\/strong>.<\/p><p>If you reject cookies, <strong>We will not set additional cookies<\/strong> on your device, except those that remember your preference not to accept cookies.<\/p>\t\t\t\t\t\t\t\t<\/div>\n\t\t\t\t<\/div>\n\t\t\t\t\t<\/div>\n\t\t\t\t<\/div>\n\t\t\t\t<\/div>","protected":false},"excerpt":{"rendered":"<p>This Cookie Policy is an integral part of the Legal Notice and Privacy Policy of the website https:\/\/boldlog.com\/ (hereinafter referred to as the &quot;Website&quot;). By clicking Accept Cookies, you expressly agree to the use of cookies. If you disable cookies or reject their use, your browsing experience may be [\u2026]<\/p>","protected":false},"author":1,"featured_media":0,"parent":0,"menu_order":0,"comment_status":"closed","ping_status":"closed","template":"","meta":{"inline_featured_image":false,"footnotes":""},"class_list":["post-2237","page","type-page","status-publish","hentry"],"yoast_head":"<!-- This site is optimized with the Yoast SEO plugin v26.3 - https:\/\/yoast.com\/wordpress\/plugins\/seo\/ -->\n<title>Pol\u00edtica de cookies - Bold Logistics<\/title>\n<meta name=\"robots\" content=\"index, follow, max-snippet:-1, max-image-preview:large, max-video-preview:-1\" \/>\n<link rel=\"canonical\" href=\"https:\/\/boldlog.com\/en\/cookie-policy\/\" \/>\n<meta property=\"og:locale\" content=\"en_US\" \/>\n<meta property=\"og:type\" content=\"article\" \/>\n<meta property=\"og:title\" content=\"Pol\u00edtica de cookies - Bold Logistics\" \/>\n<meta property=\"og:description\" content=\"Esta pol\u00edtica de cookies es una parte integral del Aviso Legal y de la Pol\u00edtica de Privacidad del sitio web https:\/\/boldlog.com\/ (en adelante, referido como el \u201cSitio Web\u201d). Al hacer clic en Aceptar Cookies, acepta expresamente el uso de cookies. Si desactiva las cookies o rechaza su uso, es posible que su experiencia de navegaci\u00f3n [&hellip;]\" \/>\n<meta property=\"og:url\" content=\"https:\/\/boldlog.com\/en\/cookie-policy\/\" \/>\n<meta property=\"og:site_name\" content=\"Bold Logistics\" \/>\n<meta property=\"article:modified_time\" content=\"2025-03-05T11:46:38+00:00\" \/>\n<meta property=\"og:image\" content=\"https:\/\/boldlog.com\/wp-content\/uploads\/2024\/12\/lineorg.svg\" \/>\n<meta name=\"twitter:card\" content=\"summary_large_image\" \/>\n<meta name=\"twitter:label1\" content=\"Est. reading time\" \/>\n\t<meta name=\"twitter:data1\" content=\"5 minutes\" \/>\n<script type=\"application\/ld+json\" class=\"yoast-schema-graph\">{\"@context\":\"https:\/\/schema.org\",\"@graph\":[{\"@type\":\"WebPage\",\"@id\":\"https:\/\/boldlog.com\/en\/cookie-policy\/\",\"url\":\"https:\/\/boldlog.com\/en\/cookie-policy\/\",\"name\":\"Pol\u00edtica de cookies - Bold Logistics\",\"isPartOf\":{\"@id\":\"https:\/\/boldlog.com\/#website\"},\"primaryImageOfPage\":{\"@id\":\"https:\/\/boldlog.com\/en\/cookie-policy\/#primaryimage\"},\"image\":{\"@id\":\"https:\/\/boldlog.com\/en\/cookie-policy\/#primaryimage\"},\"thumbnailUrl\":\"https:\/\/boldlog.com\/wp-content\/uploads\/2024\/12\/lineorg.svg\",\"datePublished\":\"2025-03-05T11:40:06+00:00\",\"dateModified\":\"2025-03-05T11:46:38+00:00\",\"breadcrumb\":{\"@id\":\"https:\/\/boldlog.com\/en\/cookie-policy\/#breadcrumb\"},\"inLanguage\":\"en-US\",\"potentialAction\":[{\"@type\":\"ReadAction\",\"target\":[\"https:\/\/boldlog.com\/en\/cookie-policy\/\"]}]},{\"@type\":\"ImageObject\",\"inLanguage\":\"en-US\",\"@id\":\"https:\/\/boldlog.com\/en\/cookie-policy\/#primaryimage\",\"url\":\"https:\/\/boldlog.com\/wp-content\/uploads\/2024\/12\/lineorg.svg\",\"contentUrl\":\"https:\/\/boldlog.com\/wp-content\/uploads\/2024\/12\/lineorg.svg\"},{\"@type\":\"BreadcrumbList\",\"@id\":\"https:\/\/boldlog.com\/en\/cookie-policy\/#breadcrumb\",\"itemListElement\":[{\"@type\":\"ListItem\",\"position\":1,\"name\":\"Inicio\",\"item\":\"https:\/\/boldlog.com\/\"},{\"@type\":\"ListItem\",\"position\":2,\"name\":\"Pol\u00edtica de cookies\"}]},{\"@type\":\"WebSite\",\"@id\":\"https:\/\/boldlog.com\/#website\",\"url\":\"https:\/\/boldlog.com\/\",\"name\":\"Bold Logistics\",\"description\":\"Log\u00edstica audaz\",\"publisher\":{\"@id\":\"https:\/\/boldlog.com\/#organization\"},\"potentialAction\":[{\"@type\":\"SearchAction\",\"target\":{\"@type\":\"EntryPoint\",\"urlTemplate\":\"https:\/\/boldlog.com\/?s={search_term_string}\"},\"query-input\":{\"@type\":\"PropertyValueSpecification\",\"valueRequired\":true,\"valueName\":\"search_term_string\"}}],\"inLanguage\":\"en-US\"},{\"@type\":\"Organization\",\"@id\":\"https:\/\/boldlog.com\/#organization\",\"name\":\"Bold Logistics\",\"url\":\"https:\/\/boldlog.com\/\",\"logo\":{\"@type\":\"ImageObject\",\"inLanguage\":\"en-US\",\"@id\":\"https:\/\/boldlog.com\/#\/schema\/logo\/image\/\",\"url\":\"https:\/\/boldlog.com\/wp-content\/uploads\/2024\/11\/logo.svg\",\"contentUrl\":\"https:\/\/boldlog.com\/wp-content\/uploads\/2024\/11\/logo.svg\",\"width\":212,\"height\":75,\"caption\":\"Bold Logistics\"},\"image\":{\"@id\":\"https:\/\/boldlog.com\/#\/schema\/logo\/image\/\"}}]}<\/script>\n<!-- \/ Yoast SEO plugin. -->","yoast_head_json":{"title":"Cookies policy - Bold Logistics","robots":{"index":"index","follow":"follow","max-snippet":"max-snippet:-1","max-image-preview":"max-image-preview:large","max-video-preview":"max-video-preview:-1"},"canonical":"https:\/\/boldlog.com\/en\/cookie-policy\/","og_locale":"en_US","og_type":"article","og_title":"Pol\u00edtica de cookies - Bold Logistics","og_description":"Esta pol\u00edtica de cookies es una parte integral del Aviso Legal y de la Pol\u00edtica de Privacidad del sitio web https:\/\/boldlog.com\/ (en adelante, referido como el \u201cSitio Web\u201d). Al hacer clic en Aceptar Cookies, acepta expresamente el uso de cookies. Si desactiva las cookies o rechaza su uso, es posible que su experiencia de navegaci\u00f3n [&hellip;]","og_url":"https:\/\/boldlog.com\/en\/cookie-policy\/","og_site_name":"Bold Logistics","article_modified_time":"2025-03-05T11:46:38+00:00","og_image":[{"url":"https:\/\/boldlog.com\/wp-content\/uploads\/2024\/12\/lineorg.svg","type":"","width":"","height":""}],"twitter_card":"summary_large_image","twitter_misc":{"Est. reading time":"5 minutes"},"schema":{"@context":"https:\/\/schema.org","@graph":[{"@type":"WebPage","@id":"https:\/\/boldlog.com\/en\/cookie-policy\/","url":"https:\/\/boldlog.com\/en\/cookie-policy\/","name":"Cookies policy - Bold Logistics","isPartOf":{"@id":"https:\/\/boldlog.com\/#website"},"primaryImageOfPage":{"@id":"https:\/\/boldlog.com\/en\/cookie-policy\/#primaryimage"},"image":{"@id":"https:\/\/boldlog.com\/en\/cookie-policy\/#primaryimage"},"thumbnailUrl":"https:\/\/boldlog.com\/wp-content\/uploads\/2024\/12\/lineorg.svg","datePublished":"2025-03-05T11:40:06+00:00","dateModified":"2025-03-05T11:46:38+00:00","breadcrumb":{"@id":"https:\/\/boldlog.com\/en\/cookie-policy\/#breadcrumb"},"inLanguage":"en-US","potentialAction":[{"@type":"ReadAction","target":["https:\/\/boldlog.com\/en\/cookie-policy\/"]}]},{"@type":"ImageObject","inLanguage":"en-US","@id":"https:\/\/boldlog.com\/en\/cookie-policy\/#primaryimage","url":"https:\/\/boldlog.com\/wp-content\/uploads\/2024\/12\/lineorg.svg","contentUrl":"https:\/\/boldlog.com\/wp-content\/uploads\/2024\/12\/lineorg.svg"},{"@type":"BreadcrumbList","@id":"https:\/\/boldlog.com\/en\/cookie-policy\/#breadcrumb","itemListElement":[{"@type":"ListItem","position":1,"name":"Inicio","item":"https:\/\/boldlog.com\/"},{"@type":"ListItem","position":2,"name":"Pol\u00edtica de cookies"}]},{"@type":"WebSite","@id":"https:\/\/boldlog.com\/#website","url":"https:\/\/boldlog.com\/","name":"Bold Logistics","description":"Bold logistics","publisher":{"@id":"https:\/\/boldlog.com\/#organization"},"potentialAction":[{"@type":"SearchAction","target":{"@type":"EntryPoint","urlTemplate":"https:\/\/boldlog.com\/?s={search_term_string}"},"query-input":{"@type":"PropertyValueSpecification","valueRequired":true,"valueName":"search_term_string"}}],"inLanguage":"en-US"},{"@type":"Organization","@id":"https:\/\/boldlog.com\/#organization","name":"Bold Logistics","url":"https:\/\/boldlog.com\/","logo":{"@type":"ImageObject","inLanguage":"en-US","@id":"https:\/\/boldlog.com\/#\/schema\/logo\/image\/","url":"https:\/\/boldlog.com\/wp-content\/uploads\/2024\/11\/logo.svg","contentUrl":"https:\/\/boldlog.com\/wp-content\/uploads\/2024\/11\/logo.svg","width":212,"height":75,"caption":"Bold Logistics"},"image":{"@id":"https:\/\/boldlog.com\/#\/schema\/logo\/image\/"}}]}},"_links":{"self":[{"href":"https:\/\/boldlog.com\/en\/wp-json\/wp\/v2\/pages\/2237","targetHints":{"allow":["GET"]}}],"collection":[{"href":"https:\/\/boldlog.com\/en\/wp-json\/wp\/v2\/pages"}],"about":[{"href":"https:\/\/boldlog.com\/en\/wp-json\/wp\/v2\/types\/page"}],"author":[{"embeddable":true,"href":"https:\/\/boldlog.com\/en\/wp-json\/wp\/v2\/users\/1"}],"replies":[{"embeddable":true,"href":"https:\/\/boldlog.com\/en\/wp-json\/wp\/v2\/comments?post=2237"}],"version-history":[{"count":4,"href":"https:\/\/boldlog.com\/en\/wp-json\/wp\/v2\/pages\/2237\/revisions"}],"predecessor-version":[{"id":2241,"href":"https:\/\/boldlog.com\/en\/wp-json\/wp\/v2\/pages\/2237\/revisions\/2241"}],"wp:attachment":[{"href":"https:\/\/boldlog.com\/en\/wp-json\/wp\/v2\/media?parent=2237"}],"curies":[{"name":"wp","href":"https:\/\/api.w.org\/{rel}","templated":true}]}}